{"id":3,"date":"2026-01-04T01:59:05","date_gmt":"2026-01-04T01:59:05","guid":{"rendered":"https:\/\/fswelfarefilter.com\/?page_id=3"},"modified":"2026-01-14T03:21:04","modified_gmt":"2026-01-14T03:21:04","slug":"privacy-policy","status":"publish","type":"page","link":"https:\/\/fswelfarefilter.com\/es\/privacy-policy\/","title":{"rendered":"pol\u00edtica de privacidad"},"content":{"rendered":"<div data-elementor-type=\"wp-page\" data-elementor-id=\"3\" class=\"elementor elementor-3\" data-elementor-post-type=\"page\">\n\t\t\t\t<div class=\"elementor-element elementor-element-7d970d20 e-flex e-con-boxed e-con e-parent\" data-id=\"7d970d20\" data-element_type=\"container\" data-e-type=\"container\">\n\t\t\t\t\t<div class=\"e-con-inner\">\n\t\t\t\t<div class=\"elementor-element elementor-element-31fa195 elementor-widget elementor-widget-heading\" data-id=\"31fa195\" data-element_type=\"widget\" data-e-type=\"widget\" data-widget_type=\"heading.default\">\n\t\t\t\t\t<h2 class=\"elementor-heading-title elementor-size-default\">pol\u00edtica de privacidad<\/h2>\t\t\t\t<\/div>\n\t\t\t\t<div class=\"elementor-element elementor-element-78127dbb elementor-widget elementor-widget-text-editor\" data-id=\"78127dbb\" data-element_type=\"widget\" data-e-type=\"widget\" data-widget_type=\"text-editor.default\">\n\t\t\t\t\t\t\t\t\t\n<p>La F\u00e1brica de Papel de Filtro para Asuntos Civiles de Fushun se compromete a proteger su privacidad y a ganarse su confianza. La F\u00e1brica de Papel de Filtro para Asuntos Civiles de Fushun no vende, intercambia ni alquila su informaci\u00f3n personal a terceros. Esta pol\u00edtica describe las pr\u00e1cticas de privacidad del sitio web de la F\u00e1brica de Papel de Filtro para Asuntos Civiles de Fushun. Utilizamos la informaci\u00f3n que recopilamos sobre usted en el sitio web de la F\u00e1brica de Papel de Filtro para Asuntos Civiles de Fushun para procesar pedidos y mantener una relaci\u00f3n con usted durante el uso de nuestros productos y servicios. Esta pol\u00edtica explica c\u00f3mo se protege su informaci\u00f3n personal. Nuestro objetivo es brindarle el m\u00e1ximo control posible sobre su privacidad e informaci\u00f3n personal, as\u00ed como sobre el uso que hacemos de ella en nuestra empresa.<\/p>\n<p>\u00bfC\u00d3MO UTILIZA Fushun Civil Affairs Filter Paper Factory MI INFORMACI\u00d3N?<\/p>\n<p>Recopilamos informaci\u00f3n personal para brindar una experiencia de usuario de alta calidad y para que Fushun Civil Affairs Filter Paper Factory comprenda mejor a nuestros clientes. Fushun Civil Affairs Filter Paper Factory no vende, intercambia ni alquila su informaci\u00f3n personal a terceros. La informaci\u00f3n personal que nos proporciona permite a Fushun Civil Affairs Filter Paper Factory procesar y completar su solicitud de prueba gratuita del Centro de Capacitaci\u00f3n de Fushun Civil Affairs Filter Paper Factory. Tambi\u00e9n utilizamos dicha informaci\u00f3n si solicita nuestros productos y servicios para procesar y completar su pedido y notificarle sobre su estado.<\/p>\n<ol>\n<li>Utilizamos la informaci\u00f3n personal que nos proporciona para brindarle informaci\u00f3n actualizada sobre los productos y servicios de Fushun Civil Affairs Filter Paper Factory.<\/li>\n<li>Podemos utilizar la informaci\u00f3n que recopilamos para notificarle de vez en cuando sobre cambios importantes en la funcionalidad del sitio web, nuevos servicios y productos de Fushun Civil Affairs Filter Paper Factory y ofertas especiales que creemos que encontrar\u00e1 valiosas.<\/li>\n<li>Cuando nos proporciona informaci\u00f3n personal para participar en un concurso o promoci\u00f3n patrocinado por la F\u00e1brica de Papel de Filtro para Asuntos Civiles de Fushun o sus socios, utilizamos esta informaci\u00f3n para administrar el concurso y notificar a los ganadores. Almacenamos toda la informaci\u00f3n relacionada con dichos concursos y promociones.<\/li>\n<li>Enviaremos anuncios o promociones dirigidas a nuestros clientes utilizando la informaci\u00f3n personal que nos proporcione. No permitimos que los anunciantes accedan a la informaci\u00f3n de sus cuentas. Estos anuncios suelen ser banners y correos electr\u00f3nicos promocionales.<\/li>\n<li>Tambi\u00e9n investigamos los datos demogr\u00e1ficos, los intereses y el comportamiento de nuestros usuarios bas\u00e1ndonos en la informaci\u00f3n que nos proporcionan en nuestra herramienta de encuestas en l\u00ednea. Recopilamos y analizamos esta informaci\u00f3n de forma agregada o an\u00f3nima.<\/li>\n<li>Utilizamos las direcciones IP que recopilamos para informar informaci\u00f3n agregada o an\u00f3nima a nuestros anunciantes.\u00a0<\/li>\n<\/ol>\n<p>\u00bfQUI\u00c9N RECOGE LA INFORMACI\u00d3N?<\/p>\n<p>Cuando proporciona informaci\u00f3n personal en un sitio web de Fushun Civil Affairs Filter Paper Factory, la comparte \u00fanicamente con Fushun Civil Affairs Filter Paper Factory, a menos que se le indique espec\u00edficamente lo contrario. Si una empresa distinta a Fushun Civil Affairs Filter Paper Factory recopila o mantiene sus datos personales en nuestro sitio web, se le informar\u00e1 antes de que se recopilen o transfieran. Siempre puede optar por no compartir la informaci\u00f3n. Cuando empresas distintas a Fushun Civil Affairs Filter Paper Factory patrocinan promociones, los datos recopilados en el sitio web de Fushun Civil Affairs Filter Paper Factory en relaci\u00f3n con estas promociones podr\u00edan compartirse con el patrocinador. De ser as\u00ed, se le notificar\u00e1 antes de que se recopilen o transfieran los datos y podr\u00e1 decidir no participar. La mayor\u00eda de estas promociones est\u00e1n limitadas a residentes de Estados Unidos o Norteam\u00e9rica. Si abandona nuestro sitio web utilizando enlaces a sitios web de terceros, estos podr\u00edan recopilar informaci\u00f3n sobre usted. Esta pol\u00edtica de privacidad no cubre las pr\u00e1cticas de dichas empresas.<\/p>\n<p>\u00bfFushun Civil Affairs Filter Paper Factory comparte mi informaci\u00f3n?<\/p>\n<p>Salvo lo establecido en esta pol\u00edtica, la F\u00e1brica de Papel de Filtro para Asuntos Civiles de Fushun no divulga su informaci\u00f3n personal a terceros sin su permiso. Lea las siguientes secciones para obtener m\u00e1s informaci\u00f3n.<\/p>\n<p>OTRAS SITUACIONES<\/p>\n<p>Fushun Civil Affairs Filter Paper Factory tambi\u00e9n podr\u00e1 divulgar su informaci\u00f3n cuando sea necesaria para identificar, contactar o emprender acciones legales contra alguien que pueda estar perjudicando o interfiriendo con nuestros derechos o derechos de propiedad, los derechos de los usuarios o los derechos de terceros. Del mismo modo, Fushun Civil Affairs Filter Paper Factory divulgar\u00e1 informaci\u00f3n cuando creamos razonablemente que la divulgaci\u00f3n es requerida por ley o para cumplir con un proceso legal notificado a Fushun Civil Affairs Filter Paper Factory o a su sitio web. Podremos divulgar su informaci\u00f3n personal si creemos de buena fe que debemos actuar en circunstancias apremiantes para proteger la seguridad personal de los usuarios de Fushun Civil Affairs Filter Paper Factory, su sitio web o del p\u00fablico.<\/p>\n<p>\u00bfC\u00d3MO PROTEGE LA F\u00c1BRICA DE PAPEL DE FILTRO DE ASUNTOS CIVILES DE FUSHUN SU TARJETA DE CR\u00c9DITO Y SU INFORMACI\u00d3N FINANCIERA?<\/p>\n<p>Nos comprometemos a proteger la privacidad de la informaci\u00f3n de su tarjeta de cr\u00e9dito y cuenta financiera. No vendemos, intercambiamos ni alquilamos su informaci\u00f3n financiera ni la de su tarjeta de cr\u00e9dito. No compartimos esta informaci\u00f3n con nadie sin su permiso. Podemos proporcionar datos estad\u00edsticos sobre nuestros clientes a anunciantes, socios, proveedores y otros terceros de confianza. Estos datos se componen \u00fanicamente de datos agregados o an\u00f3nimos, que no contienen informaci\u00f3n personal identificable. Por ejemplo, no revelaremos que usted compr\u00f3 un producto espec\u00edfico, pero podr\u00edamos revelar estad\u00edsticas sobre cu\u00e1ntos clientes lo han comprado. Cuando ingresa la informaci\u00f3n de su tarjeta de cr\u00e9dito en nuestro sitio web, la transmitimos en formato cifrado, utilizando el est\u00e1ndar de la industria, el cifrado de capa de conexi\u00f3n segura (SSL).<\/p>\n<p>SUS DERECHOS EN RELACI\u00d3N CON SUS DATOS PERSONALES<\/p>\n<p>Tiene derecho, en virtud de esta Pol\u00edtica de privacidad y cookies, y por ley si se encuentra dentro de la UE, a:<\/p>\n<p>Solicitar acceso a sus Datos Personales. Si se encuentra dentro de la UE, esto le permitir\u00e1 recibir una copia de los Datos Personales que tenemos sobre usted y comprobar que los estamos tratando legalmente.<\/p>\n<p>Solicitar la correcci\u00f3n de los Datos Personales que conservamos sobre usted. Esto le permite corregir cualquier informaci\u00f3n incompleta o inexacta que conservemos sobre usted.<\/p>\n<p>Solicitar la supresi\u00f3n de sus Datos Personales. Esto le permite solicitarnos que eliminemos o borremos sus Datos Personales cuando no exista una raz\u00f3n v\u00e1lida para que sigamos trat\u00e1ndolos. Si reside en la UE, tambi\u00e9n tiene derecho a solicitarnos que eliminemos o borremos sus Datos Personales si ha ejercido su derecho de oposici\u00f3n al tratamiento (v\u00e9ase m\u00e1s adelante).<\/p>\n<p>Oponerse al tratamiento de sus Datos Personales. Este derecho existe cuando nos basamos en un inter\u00e9s leg\u00edtimo como base legal para nuestro tratamiento y existe alg\u00fan aspecto de su situaci\u00f3n particular que le motiva a oponerse al tratamiento de sus Datos Personales por este motivo. Tambi\u00e9n tiene derecho a oponerse cuando tratamos sus Datos Personales con fines de marketing directo.<\/p>\n<p>Solicitar la restricci\u00f3n del tratamiento de sus Datos Personales. Esto le permite solicitarnos que suspendamos el tratamiento de sus Datos Personales, por ejemplo, si desea que determinemos su exactitud o el motivo del tratamiento.<\/p>\n<p>Solicitar la transferencia de sus Datos Personales. Si se encuentra dentro de la UE, le proporcionaremos a usted o a un tercero que usted haya designado sus Datos Personales en un formato estructurado, de uso com\u00fan y legible por m\u00e1quina. Tenga en cuenta que este derecho solo se aplica a la informaci\u00f3n automatizada para la cual usted nos dio su consentimiento inicial o cuando la hayamos utilizado para ejecutar un contrato con usted.<\/p>\n<p>Retirar el consentimiento. Este derecho solo existe cuando nos basamos en su consentimiento para tratar sus Datos Personales (\u201cRetirada del Consentimiento\u201d). Si retira su consentimiento, es posible que no podamos proporcionarle acceso a ciertas funcionalidades espec\u00edficas de nuestro Sitio. Le informaremos en ese caso al retirar su consentimiento.<\/p>\n<p>QUEJAS<\/p>\n<p>Si desea presentar una queja sobre esta Pol\u00edtica de privacidad o nuestras pr\u00e1cticas en relaci\u00f3n con sus Datos personales, cont\u00e1ctenos a:\u00a0<a href=\"mailto:fushunfilterpaper@gmail.com\"> fushunfilterpaper@gmail.com<\/a><strong>\u00a0<\/strong><strong><b>\u00a0<\/b><\/strong>Responderemos a su queja lo antes posible.<\/p>\n<p>Si considera que su queja no se ha resuelto adecuadamente, tenga en cuenta que si se encuentra en la UE, el RGPD le otorga el derecho de comunicarse con la autoridad de supervisi\u00f3n de protecci\u00f3n de datos local.<\/p>\n<p>Archivos de registro: Su navegador informa autom\u00e1ticamente sobre la informaci\u00f3n de los archivos de registro cada vez que accede a una p\u00e1gina web. Al utilizar los Servicios, nuestros servidores registran autom\u00e1ticamente cierta informaci\u00f3n que su navegador env\u00eda cada vez que visita un sitio web. Estos registros del servidor pueden incluir informaci\u00f3n como su solicitud web, direcci\u00f3n IP, tipo de navegador, p\u00e1ginas y URL de referencia\/salida, n\u00famero de clics, nombres de dominio, p\u00e1ginas de destino, p\u00e1ginas visitadas y otra informaci\u00f3n similar.<\/p>\n<p>\u00bfCU\u00c1NTO TIEMPO ALMACENAMOS SUS DATOS PERSONALES?<\/p>\n<p>Conservaremos su informaci\u00f3n mientras su cuenta est\u00e9 activa o sea razonablemente necesaria para los fines establecidos en C\u00f3mo usamos sus datos personales y por qu\u00e9, a menos que solicite que eliminemos sus datos personales como se describe en Sus derechos en relaci\u00f3n con sus datos personales. Solo conservaremos sus datos personales durante el tiempo que razonablemente necesitemos utilizarlos para estos fines, a menos que la ley exija un per\u00edodo de retenci\u00f3n m\u00e1s largo (por ejemplo, para fines regulatorios). Esto puede incluir conservar sus datos personales despu\u00e9s de que haya desactivado su cuenta durante el tiempo necesario para que persigamos intereses comerciales leg\u00edtimos, realicemos auditor\u00edas, cumplamos (y demuestremos) con las obligaciones legales, resolvamos disputas y hagamos cumplir nuestros acuerdos.<\/p>\n<p>\u00bfQu\u00e9 son las cookies y c\u00f3mo las utiliza la f\u00e1brica de papel de filtro de asuntos civiles de Fushun?<\/p>\n<p>Algunas partes de nuestro sistema de gesti\u00f3n del aprendizaje utilizan cookies para reconocer inmediatamente a un usuario y asignarle diferentes permisos asociados a las funciones del sistema. Una cookie es un fragmento de datos que se env\u00eda a su navegador desde un servidor web y que este almacena en el disco duro de su ordenador. Debe configurar su navegador para que acepte cookies antes de poder iniciar sesi\u00f3n o personalizarlo. La mayor\u00eda de los navegadores est\u00e1n configurados para aceptar cookies, pero normalmente puede cambiar la configuraci\u00f3n de su navegador para rechazarlas. Fushun Civil Affairs Filter Paper Factory no utiliza cookies para recuperar informaci\u00f3n personal sobre usted de su ordenador. Esta pol\u00edtica no cubre el uso de cookies por parte de los anunciantes en nuestro sitio web. Fushun Civil Affairs Filter Paper Factory utiliza cookies para:<\/p>\n<p>Localice su nombre e informaci\u00f3n de cuenta al iniciar sesi\u00f3n en el Centro de Capacitaci\u00f3n de la F\u00e1brica de Papel de Filtro para Asuntos Civiles de Fushun para acceder a la informaci\u00f3n de su cuenta. Al iniciar sesi\u00f3n, se instala la cookie y, al cerrar sesi\u00f3n, se modifica.<\/p>\n<p>Estimar el tama\u00f1o de nuestra audiencia. Cada navegador que visita nuestro sitio recibe una cookie \u00fanica, que se utiliza para determinar el n\u00famero de visitas repetidas y el n\u00famero de visitantes \u00fanicos.<\/p>\n<p>Su consentimiento<\/p>\n<p>Al utilizar nuestro sitio web, usted acepta la recopilaci\u00f3n y el uso de esta informaci\u00f3n por parte de Fushun Civil Affairs Filter Paper Factory. Si decidimos cambiar nuestra pol\u00edtica de privacidad, publicaremos esos cambios en esta p\u00e1gina para que siempre est\u00e9 al tanto de qu\u00e9 informaci\u00f3n recopilamos, c\u00f3mo la usamos y bajo qu\u00e9 circunstancias la divulgamos.<\/p>\n<p>Pol\u00edtica de inclusi\u00f3n\/exclusi\u00f3n voluntaria<\/p>\n<p>Al registrarse o enviar informaci\u00f3n personal, la F\u00e1brica de Papel de Filtro para Asuntos Civiles de Fushun le ofrece la opci\u00f3n de recibir m\u00e1s comunicaciones de la F\u00e1brica. Si decide recibir estas comunicaciones, le enviaremos ocasionalmente correos electr\u00f3nicos o correo postal sobre productos y servicios que consideremos que puedan ser de su inter\u00e9s. Para dejar de recibir estas ofertas, simplemente siga las instrucciones para cancelar la suscripci\u00f3n que se incluyen en cada correo electr\u00f3nico.<\/p>\n<p>Si prefiere dejar de recibir informaci\u00f3n de Fushun Civil Affairs Filter Paper Factory por correo electr\u00f3nico, puede optar por no recibir estas comunicaciones siguiendo las instrucciones incluidas en cada correo electr\u00f3nico. Si prefiere dejar de recibir informaci\u00f3n de Fushun Civil Affairs Filter Paper Factory sobre repuestos para veh\u00edculos por correo postal, cont\u00e1ctenos en\u00a0 <a href=\"mailto:fushunfilterpaper@gmail.com\">fushunfilterpaper@gmail.com<strong>\u00a0<\/strong><strong><b>\u00a0<\/b><\/strong><\/a>F\u00e1brica de papel de filtro de asuntos civiles de Fushun no vende, intercambia ni alquila su informaci\u00f3n personal a otros.<\/p>\n<p>C\u00f3mo contactar con el sitio web<\/p>\n<p>Si tiene alguna pregunta sobre esta pol\u00edtica de privacidad, las pr\u00e1cticas de este sitio o sus relaciones con este sitio web, comun\u00edquese con: <a href=\"mailto:fushunfilterpaper@gmail.com\">fushunfilterpaper@gmail.com<\/a><\/p>\n<p>\u00a0<\/p>\n<p>\u00a0<\/p>\t\t\t\t\t\t\t\t<\/div>\n\t\t\t\t\t<\/div>\n\t\t\t\t<\/div>\n\t\t\t\t<\/div>","protected":false},"excerpt":{"rendered":"<p>privacy policy Fushun Civil Affairs Filter Paper Factory\u00a0is committed to protecting your privacy and earning your trust. \u201cFushun Civil Affairs Filter Paper Factorydoes not sell, trade, or rent your personal information to others. This policy discloses the privacy practices for the \u201cFushun Civil Affairs Filter Paper FactoryWeb site. We use the information we collect about [&hellip;]<\/p>\n","protected":false},"author":1,"featured_media":0,"parent":0,"menu_order":0,"comment_status":"closed","ping_status":"open","template":"","meta":{"footnotes":""},"class_list":["post-3","page","type-page","status-publish","hentry"],"_links":{"self":[{"href":"https:\/\/fswelfarefilter.com\/es\/wp-json\/wp\/v2\/pages\/3","targetHints":{"allow":["GET"]}}],"collection":[{"href":"https:\/\/fswelfarefilter.com\/es\/wp-json\/wp\/v2\/pages"}],"about":[{"href":"https:\/\/fswelfarefilter.com\/es\/wp-json\/wp\/v2\/types\/page"}],"author":[{"embeddable":true,"href":"https:\/\/fswelfarefilter.com\/es\/wp-json\/wp\/v2\/users\/1"}],"replies":[{"embeddable":true,"href":"https:\/\/fswelfarefilter.com\/es\/wp-json\/wp\/v2\/comments?post=3"}],"version-history":[{"count":0,"href":"https:\/\/fswelfarefilter.com\/es\/wp-json\/wp\/v2\/pages\/3\/revisions"}],"wp:attachment":[{"href":"https:\/\/fswelfarefilter.com\/es\/wp-json\/wp\/v2\/media?parent=3"}],"curies":[{"name":"wp","href":"https:\/\/api.w.org\/{rel}","templated":true}]}}