{"id":498,"date":"2026-01-08T05:40:27","date_gmt":"2026-01-08T05:40:27","guid":{"rendered":"https:\/\/fswelfarefilter.com\/?page_id=498"},"modified":"2026-01-14T03:26:00","modified_gmt":"2026-01-14T03:26:00","slug":"shipping-policy","status":"publish","type":"page","link":"https:\/\/fswelfarefilter.com\/es\/shipping-policy\/","title":{"rendered":"Pol\u00edtica de env\u00edos"},"content":{"rendered":"<div data-elementor-type=\"wp-page\" data-elementor-id=\"498\" class=\"elementor elementor-498\" data-elementor-post-type=\"page\">\n\t\t\t\t<div class=\"elementor-element elementor-element-73b08a0 e-flex e-con-boxed e-con e-parent\" data-id=\"73b08a0\" data-element_type=\"container\" data-e-type=\"container\">\n\t\t\t\t\t<div class=\"e-con-inner\">\n\t\t\t\t<div class=\"elementor-element elementor-element-42043d9 elementor-widget elementor-widget-heading\" data-id=\"42043d9\" data-element_type=\"widget\" data-e-type=\"widget\" data-widget_type=\"heading.default\">\n\t\t\t\t\t<h2 class=\"elementor-heading-title elementor-size-default\">Pol\u00edtica de env\u00edos<\/h2>\t\t\t\t<\/div>\n\t\t\t\t<div class=\"elementor-element elementor-element-f962f53 elementor-widget elementor-widget-text-editor\" data-id=\"f962f53\" data-element_type=\"widget\" data-e-type=\"widget\" data-widget_type=\"text-editor.default\">\n\t\t\t\t\t\t\t\t\t<p>F\u00e1brica de Papel de Filtro para Asuntos Civiles de Fushun. Nos esforzamos por ofrecer entregas puntuales y eficientes a nuestros clientes. Realizamos env\u00edos nacionales e internacionales.<\/p><h4><strong>Env\u00edo nacional:<\/strong><\/h4><p>Enviamos nuestros productos dentro de China continental a trav\u00e9s de varios transportistas, seg\u00fan el producto y la ubicaci\u00f3n del cliente.<\/p><p>Los costos de env\u00edo nacional pueden variar dependiendo del peso y tama\u00f1o del producto, as\u00ed como del destino del env\u00edo.<\/p><p>El tiempo de entrega estimado para env\u00edos nacionales suele ser de 3 a 7 d\u00edas h\u00e1biles, dependiendo del transportista y del destino del env\u00edo.<\/p><h4><strong>Env\u00edos internacionales:<\/strong><\/h4><p>Enviamos nuestros productos a clientes internacionales a trav\u00e9s de varios transportistas, seg\u00fan el producto y la ubicaci\u00f3n del cliente.<\/p><p>Las tarifas de env\u00edo internacional pueden variar seg\u00fan el peso y tama\u00f1o del producto, as\u00ed como el destino del env\u00edo.<\/p><p>El tiempo estimado de entrega para env\u00edos internacionales var\u00eda seg\u00fan la empresa de transporte y el destino. Los plazos de entrega pueden verse afectados por tr\u00e1mites aduaneros y otros factores ajenos a nuestro control.<\/p><p>Tenga en cuenta que no nos hacemos responsables de los aranceles, impuestos ni tasas aduaneras que pueda imponer el pa\u00eds de destino. El cliente es responsable de dichos cargos.<\/p><p>Si tiene alguna pregunta o inquietud sobre el env\u00edo, no dude en contactarnos a:<a href=\"mailto:fushunfilterpaper@gmail.com\">fushunfilterpaper@gmail.com<\/a><\/p>\t\t\t\t\t\t\t\t<\/div>\n\t\t\t\t\t<\/div>\n\t\t\t\t<\/div>\n\t\t\t\t<\/div>","protected":false},"excerpt":{"rendered":"<p>Shipping Policy Fushun Civil Affairs Filter Paper Factory\u00a0We strive to provide timely and efficient delivery of our products to our customers. We ship our products to customers both domestically and internationally. Domestic Shipping: We ship our products within mainland China via various shipping carriers, depending on the product and the location of the customer. Domestic [&hellip;]<\/p>\n","protected":false},"author":1,"featured_media":0,"parent":0,"menu_order":0,"comment_status":"closed","ping_status":"closed","template":"","meta":{"footnotes":""},"class_list":["post-498","page","type-page","status-publish","hentry"],"_links":{"self":[{"href":"https:\/\/fswelfarefilter.com\/es\/wp-json\/wp\/v2\/pages\/498","targetHints":{"allow":["GET"]}}],"collection":[{"href":"https:\/\/fswelfarefilter.com\/es\/wp-json\/wp\/v2\/pages"}],"about":[{"href":"https:\/\/fswelfarefilter.com\/es\/wp-json\/wp\/v2\/types\/page"}],"author":[{"embeddable":true,"href":"https:\/\/fswelfarefilter.com\/es\/wp-json\/wp\/v2\/users\/1"}],"replies":[{"embeddable":true,"href":"https:\/\/fswelfarefilter.com\/es\/wp-json\/wp\/v2\/comments?post=498"}],"version-history":[{"count":0,"href":"https:\/\/fswelfarefilter.com\/es\/wp-json\/wp\/v2\/pages\/498\/revisions"}],"wp:attachment":[{"href":"https:\/\/fswelfarefilter.com\/es\/wp-json\/wp\/v2\/media?parent=498"}],"curies":[{"name":"wp","href":"https:\/\/api.w.org\/{rel}","templated":true}]}}