{"id":508,"date":"2026-01-08T05:50:25","date_gmt":"2026-01-08T05:50:25","guid":{"rendered":"https:\/\/fswelfarefilter.com\/?page_id=508"},"modified":"2026-01-14T03:23:23","modified_gmt":"2026-01-14T03:23:23","slug":"refund-policy","status":"publish","type":"page","link":"https:\/\/fswelfarefilter.com\/es\/refund-policy\/","title":{"rendered":"Pol\u00edtica de reembolso"},"content":{"rendered":"<div data-elementor-type=\"wp-page\" data-elementor-id=\"508\" class=\"elementor elementor-508\" data-elementor-post-type=\"page\">\n\t\t\t\t<div class=\"elementor-element elementor-element-84f6dc5 e-flex e-con-boxed e-con e-parent\" data-id=\"84f6dc5\" data-element_type=\"container\" data-e-type=\"container\">\n\t\t\t\t\t<div class=\"e-con-inner\">\n\t\t\t\t<div class=\"elementor-element elementor-element-19ffe26 elementor-widget elementor-widget-heading\" data-id=\"19ffe26\" data-element_type=\"widget\" data-e-type=\"widget\" data-widget_type=\"heading.default\">\n\t\t\t\t\t<h2 class=\"elementor-heading-title elementor-size-default\">Pol\u00edtica de reembolso<\/h2>\t\t\t\t<\/div>\n\t\t\t\t<div class=\"elementor-element elementor-element-f09f2f6 elementor-widget elementor-widget-text-editor\" data-id=\"f09f2f6\" data-element_type=\"widget\" data-e-type=\"widget\" data-widget_type=\"text-editor.default\">\n\t\t\t\t\t\t\t\t\t<p>En la F\u00e1brica de Papel de Filtro para Asuntos Civiles de Fushun, nos esforzamos por ofrecer productos de alta calidad y un excelente servicio al cliente. Entendemos que, en ocasiones, un producto puede no cumplir con sus expectativas. En tal caso, ofrecemos una pol\u00edtica de reembolso que le permite devolver el producto dentro de un plazo determinado a partir de la fecha de compra.<\/p><p>Tenga en cuenta que no podemos prometer ni garantizar el resultado de ning\u00fan producto que ofrecemos. Nos esforzamos por ofrecer productos de alta calidad, pero el \u00e9xito de cualquier producto depende de diversos factores que escapan a nuestro control. Por lo tanto, no podemos ofrecer reembolsos basados en el resultado de ning\u00fan producto.<\/p><h5><strong><b>Nuestra pol\u00edtica de reembolso es la siguiente:<\/b><\/strong><\/h5><p>Si no est\u00e1 satisfecho con el producto, puede ser elegible para una devoluci\u00f3n.<\/p><p>Para iniciar una devoluci\u00f3n, cont\u00e1ctenos en\u00a0<\/p><p>El producto debe estar en su embalaje original y en condiciones nuevas para ser elegible para una devoluci\u00f3n.<\/p><p>Los gastos de env\u00edo y manipulaci\u00f3n no son reembolsables.<\/p><p>Una vez que recibamos el producto, lo evaluaremos y determinaremos si procede una devoluci\u00f3n.<\/p><p>Tenga en cuenta que nos reservamos el derecho de rechazar una devoluci\u00f3n si el producto no cumple con nuestros criterios de pol\u00edtica de devoluci\u00f3n.<\/p><p>Si tiene alguna pregunta o inquietud sobre nuestra pol\u00edtica de reembolso, no dude en contactarnos en <a href=\"mailto:fushunfilterpaper@gmail.com\">fushunfilterpaper@gmail.com<\/a><\/p>\t\t\t\t\t\t\t\t<\/div>\n\t\t\t\t\t<\/div>\n\t\t\t\t<\/div>\n\t\t\t\t<\/div>","protected":false},"excerpt":{"rendered":"<p>Refund Policy At\u00a0Fushun Civil Affairs Filter Paper Factory\u00a0We strive to provide high-quality products and excellent customer service. We understand that sometimes a product may not meet your expectations. In such an event, we offer a refund policy that allows you to return the product within a certain period of time from the date of purchase. [&hellip;]<\/p>\n","protected":false},"author":1,"featured_media":0,"parent":0,"menu_order":0,"comment_status":"closed","ping_status":"closed","template":"","meta":{"footnotes":""},"class_list":["post-508","page","type-page","status-publish","hentry"],"_links":{"self":[{"href":"https:\/\/fswelfarefilter.com\/es\/wp-json\/wp\/v2\/pages\/508","targetHints":{"allow":["GET"]}}],"collection":[{"href":"https:\/\/fswelfarefilter.com\/es\/wp-json\/wp\/v2\/pages"}],"about":[{"href":"https:\/\/fswelfarefilter.com\/es\/wp-json\/wp\/v2\/types\/page"}],"author":[{"embeddable":true,"href":"https:\/\/fswelfarefilter.com\/es\/wp-json\/wp\/v2\/users\/1"}],"replies":[{"embeddable":true,"href":"https:\/\/fswelfarefilter.com\/es\/wp-json\/wp\/v2\/comments?post=508"}],"version-history":[{"count":0,"href":"https:\/\/fswelfarefilter.com\/es\/wp-json\/wp\/v2\/pages\/508\/revisions"}],"wp:attachment":[{"href":"https:\/\/fswelfarefilter.com\/es\/wp-json\/wp\/v2\/media?parent=508"}],"curies":[{"name":"wp","href":"https:\/\/api.w.org\/{rel}","templated":true}]}}