{"id":161,"date":"2026-01-05T05:41:54","date_gmt":"2026-01-05T05:41:54","guid":{"rendered":"https:\/\/fswelfarefilter.com\/?post_type=product&#038;p=161"},"modified":"2026-01-27T08:29:52","modified_gmt":"2026-01-27T08:29:52","slug":"quantitative-analysis-filter-paper","status":"publish","type":"product","link":"https:\/\/fswelfarefilter.com\/es\/product\/quantitative-analysis-filter-paper\/","title":{"rendered":"Papel de filtro para an\u00e1lisis cuantitativo"},"content":{"rendered":"<div>\n<div>\n<div>\n<div>\n<div>\n<div>\n<div>\n<div>\n<div>\n<div>\n<div>\n<div dir=\"ltr\">\n<div data-page-id=\"FbtcfqtfgdCoAkcr2L5cNvHEnFh\" data-lark-html-role=\"root\" data-docx-has-block-data=\"false\">\n<h2>Papel de filtro para an\u00e1lisis cuantitativo<\/h2>\n<div class=\"ace-line ace-line old-record-id-WrJ3fEZGidz4OecjAsQceFLDndb\">Este documento presenta principalmente la clasificaci\u00f3n del papel de filtro, as\u00ed como las caracter\u00edsticas, los campos de aplicaci\u00f3n y los procesos de fabricaci\u00f3n del papel de filtro cualitativo y cuantitativo, proporcionando una referencia completa para el trabajo anal\u00edtico y de prueba relacionado.<\/div>\n<h3 class=\"heading-2 ace-line old-record-id-DgkOfjj6vdhaKecob9Fcw8Gznqh\">1. Descripci\u00f3n general del papel de filtro<\/h3>\n<div class=\"ace-line ace-line old-record-id-PlXAfhSvndiAqLc15R5cklT7nBe\">El papel de filtro, como material anal\u00edtico especializado, se divide principalmente en tipos cualitativos y cuantitativos. En cuanto a la velocidad de filtraci\u00f3n, se puede clasificar en r\u00e1pida, media y lenta; en cuanto a tama\u00f1o, las especificaciones comunes incluyen d7 cm, d9 cm, d11 cm, d12,5 cm, d15 cm y d18 cm. Entre ellos, el papel de filtro para an\u00e1lisis cuantitativo est\u00e1 dise\u00f1ado para an\u00e1lisis y pruebas cualitativas, con amplias aplicaciones en diversos campos.<\/div>\n<h3 class=\"heading-2 ace-line old-record-id-FZuIfZUq2dUgGYcS9oEcy3QSnk0\">2. Campos de aplicaci\u00f3n del papel de filtro cuantitativo<\/h3>\n<div class=\"ace-line ace-line old-record-id-XNDxfKCC6dehPwcGX1kcmPZGn1b\">El papel de filtro para an\u00e1lisis cuantitativo se utiliza ampliamente en la investigaci\u00f3n cient\u00edfica, la industria, la agricultura, la medicina, la salud y la protecci\u00f3n del medio ambiente para fines de an\u00e1lisis y pruebas cualitativos.<\/div>\n<h3 class=\"heading-2 ace-line old-record-id-HGBhfJ2kwdFG8NcU8nPcmS6FnLb\">3. Caracter\u00edsticas clave y limitaciones de la aplicaci\u00f3n del papel de filtro cuantitativo<\/h3>\n<div class=\"ace-line ace-line old-record-id-DO8NfX5tpdynQec1y1lcF4K2nye\">El papel de filtro cuantitativo generalmente tiene un mayor contenido de cenizas residuales, lo que significa que solo es adecuado para an\u00e1lisis cualitativos generales y para filtrar precipitados o s\u00f3lidos suspendidos en soluciones; no se puede utilizar para an\u00e1lisis cuantitativos.<\/div>\n<div class=\"ace-line ace-line old-record-id-TaX9fINXKdTy6ucmtHZco2xTnqZ\">Generalmente se utiliza filtraci\u00f3n natural, aprovechando la estructura del papel y su capacidad para retener part\u00edculas s\u00f3lidas para separar l\u00edquidos de s\u00f3lidos.<\/div>\n<h3 class=\"heading-2 ace-line old-record-id-JFoJfdCZ2dX6OMcFm8gcYbVInHc\">4. Proceso de fabricaci\u00f3n y ventajas del material del papel de filtro cuantitativo<\/h3>\n<div class=\"ace-line ace-line old-record-id-Enh6fNbL4dlW18c1467cZWHanxf\">El papel de filtro cuantitativo se fabrica con algod\u00f3n premium de alta calidad mediante procesos de fabricaci\u00f3n de papel modernos y \u00fanicos y equipos avanzados. Es un papel de algod\u00f3n puro que se caracteriza por su alta pureza, textura uniforme, velocidad de filtraci\u00f3n y resistencia.<\/div>\n<\/div>\n<\/div>\n<\/div>\n<\/div>\n<\/div>\n<\/div>\n<\/div>\n<\/div>\n<\/div>\n<\/div>\n<\/div>\n<\/div>\n<\/div>\n<div>\n<div><\/div>\n<style>\n        * {<br \/>            margin: 0;<br \/>            padding: 0;<br \/>            box-sizing: border-box;<br \/>            font-family: 'Arial', sans-serif;<br \/>        }<br \/>        .product-table {<br \/>            width: 100%;<br \/>            border-collapse: collapse;<br \/>            margin: 20px 0;<br \/>            font-size: 14px;<br \/>            background-color: #fff;<br \/>            border-radius: 8px;<br \/>            overflow: hidden;<br \/>            box-shadow: 0 2px 8px rgba(0, 0, 0, 0.08);<br \/>        }<br \/>        .product-table thead {<br \/>            background-color: #2c3e50;<br \/>            color: #fff;<br \/>        }<br \/>        .product-table th, .product-table td {<br \/>            padding: 12px 15px;<br \/>            text-align: left;<br \/>            border-bottom: 1px solid #f0f0f0;<br \/>        }<br \/>        .product-table th {<br \/>            font-weight: 600;<br \/>            text-transform: uppercase;<br \/>            letter-spacing: 0.5px;<br \/>        }<br \/>        .product-table tbody tr:nth-child(even) {<br \/>            background-color: #f8f9fa;<br \/>        }<br \/>        .product-table tbody tr:hover {<br \/>            background-color: #f0f5ff;<br \/>            transition: background-color 0.3s ease;<br \/>        }<br \/>        .product-table td span {<br \/>            display: block;<br \/>            margin-top: 4px;<br \/>        }<br \/>        .spec {<br \/>            font-weight: 500;<br \/>            color: #2980b9;<br \/>        }<br \/>        .volume {<br \/>            color: #27ae60;<br \/>        }<br \/>        .weight {<br \/>            color: #e67e22;<br \/>        }<br \/>    <\/style>\n<div><\/div>\n<table class=\"product-table\">\n<thead>\n<tr>\n<th>Nombre del producto<\/th>\n<th>Presupuesto<\/th>\n<th>Volumen\/Pieza (Largo \u00d7 Ancho \u00d7 Alto)<\/th>\n<th>Peso\/pieza<\/th>\n<\/tr>\n<\/thead>\n<tbody>\n<tr>\n<td style=\"vertical-align: middle; font-weight: 600;\" rowspan=\"7\">Papel de filtro para an\u00e1lisis cuantitativo<\/td>\n<td class=\"spec\">\u03a67cm<\/td>\n<td class=\"volume\">0,68 m \u00d7 0,16 m \u00d7 0,105 m = 0,012 m\u00b3<\/td>\n<td class=\"weight\">Peso neto: 2,5 kg Peso bruto: 3,0 kg<\/td>\n<\/tr>\n<tr>\n<td class=\"spec\">\u03a69cm<\/td>\n<td class=\"volume\">0,68 m \u00d7 0,195 m \u00d7 0,115 m = 0,017 m\u00b3<\/td>\n<td class=\"weight\">Peso neto: 3,5 kg Peso bruto: 4,0 kg<\/td>\n<\/tr>\n<tr>\n<td class=\"spec\">\u03a611cm<\/td>\n<td class=\"volume\">0,68 m \u00d7 0,24 m \u00d7 0,125 m = 0,020 m\u00b3<\/td>\n<td class=\"weight\">Peso neto: 5,5 kg Peso bruto: 6,0 kg<\/td>\n<\/tr>\n<tr>\n<td class=\"spec\">\u03a612,5 cm<\/td>\n<td class=\"volume\">0,68 m \u00d7 0,275 m \u00d7 0,145 m = 0,028 m\u00b3<\/td>\n<td class=\"weight\">Peso neto: 6,5 kg Peso bruto: 7,0 kg<\/td>\n<\/tr>\n<tr>\n<td class=\"spec\">\u03a615cm<\/td>\n<td class=\"volume\">0,68 m \u00d7 0,315 m \u00d7 0,17 m = 0,040 m\u00b3<\/td>\n<td class=\"weight\">Peso neto: 9,5 kg Peso bruto: 10 kg<\/td>\n<\/tr>\n<tr>\n<td class=\"spec\">\u03a618cm<\/td>\n<td class=\"volume\">0,68 m \u00d7 0,375 m \u00d7 0,205 m = 0,056 m\u00b3<\/td>\n<td class=\"weight\">Peso neto: 13,5 kg Peso bruto: 14 kg<\/td>\n<\/tr>\n<tr>\n<td class=\"spec\">\u03a624cm<\/td>\n<td class=\"volume\">0,68 m \u00d7 0,51 m \u00d7 0,27 m = 0,094 m\u00b3<\/td>\n<td class=\"weight\">Peso neto: 24 kg Peso bruto: 25 kg<\/td>\n<\/tr>\n<\/tbody>\n<\/table>\n<p>&nbsp;<\/p>\n<div><\/div>\n<\/div>","protected":false},"excerpt":{"rendered":"<div>El papel de filtro cuantitativo viene en 3 velocidades de filtraci\u00f3n (r\u00e1pida\/media\/lenta) y 6 di\u00e1metros (7 cm\/9 cm\/11 cm\/12,5 cm\/15 cm\/18 cm), adecuados para diversas necesidades.<\/div>\n<div><\/div>\n<div>Ampliamente utilizado en investigaci\u00f3n cient\u00edfica, industria, agricultura, salud m\u00e9dica, protecci\u00f3n del medio ambiente y otros escenarios de an\u00e1lisis de precisi\u00f3n.<\/div>","protected":false},"featured_media":635,"comment_status":"open","ping_status":"closed","template":"","meta":[],"product_brand":[],"product_cat":[19],"product_tag":[],"class_list":{"0":"post-161","1":"product","2":"type-product","3":"status-publish","4":"has-post-thumbnail","6":"product_cat-industrial-use","8":"first","9":"instock","10":"shipping-taxable","11":"product-type-simple"},"_links":{"self":[{"href":"https:\/\/fswelfarefilter.com\/es\/wp-json\/wp\/v2\/product\/161","targetHints":{"allow":["GET"]}}],"collection":[{"href":"https:\/\/fswelfarefilter.com\/es\/wp-json\/wp\/v2\/product"}],"about":[{"href":"https:\/\/fswelfarefilter.com\/es\/wp-json\/wp\/v2\/types\/product"}],"replies":[{"embeddable":true,"href":"https:\/\/fswelfarefilter.com\/es\/wp-json\/wp\/v2\/comments?post=161"}],"wp:featuredmedia":[{"embeddable":true,"href":"https:\/\/fswelfarefilter.com\/es\/wp-json\/wp\/v2\/media\/635"}],"wp:attachment":[{"href":"https:\/\/fswelfarefilter.com\/es\/wp-json\/wp\/v2\/media?parent=161"}],"wp:term":[{"taxonomy":"product_brand","embeddable":true,"href":"https:\/\/fswelfarefilter.com\/es\/wp-json\/wp\/v2\/product_brand?post=161"},{"taxonomy":"product_cat","embeddable":true,"href":"https:\/\/fswelfarefilter.com\/es\/wp-json\/wp\/v2\/product_cat?post=161"},{"taxonomy":"product_tag","embeddable":true,"href":"https:\/\/fswelfarefilter.com\/es\/wp-json\/wp\/v2\/product_tag?post=161"}],"curies":[{"name":"wp","href":"https:\/\/api.w.org\/{rel}","templated":true}]}}