{"id":168,"date":"2026-01-05T06:05:25","date_gmt":"2026-01-05T06:05:25","guid":{"rendered":"https:\/\/fswelfarefilter.com\/?post_type=product&#038;p=168"},"modified":"2026-01-27T07:53:41","modified_gmt":"2026-01-27T07:53:41","slug":"lens-cleaning-paper","status":"publish","type":"product","link":"https:\/\/fswelfarefilter.com\/es\/product\/lens-cleaning-paper\/","title":{"rendered":"Papel de limpieza de lentes"},"content":{"rendered":"<div data-page-id=\"VmfOfOMDSdGPdFcXVE8cfmlsnNh\" data-lark-html-role=\"root\" data-docx-has-block-data=\"false\">\n<h2>Papel de limpieza de lentes<\/h2>\n<h3 class=\"heading-2 ace-line old-record-id-I5wIfa9aGdeG77cY88rccLBEnSc\">Descripci\u00f3n general del producto<\/h3>\n<div class=\"ace-line ace-line old-record-id-PmyJfkTsydXFtycOwp4cgyCdnCe\">Gracias a un proceso de fabricaci\u00f3n riguroso, el papel limpiador de lentes presenta un contenido m\u00ednimo de cenizas. El agua utilizada en su producci\u00f3n cumple con los est\u00e1ndares de agua potable, lo que sienta las bases para una limpieza segura y eficiente de superficies \u00f3pticas de precisi\u00f3n.<\/div>\n<h3 class=\"heading-2 ace-line old-record-id-Md5afwHDudO8llcB0c1cMdiJnHa\">Ventajas principales<\/h3>\n<div class=\"ace-line ace-line old-record-id-U198fHywhdQN2UcLlLPc4w55nzG\">\u2022 Eliminaci\u00f3n superior de manchas: elimina eficazmente el polvo, las manchas de aceite y las huellas dactilares de las superficies de las lentes, lo que garantiza una limpieza profunda sin da\u00f1ar los componentes \u00f3pticos.<\/div>\n<div class=\"ace-line ace-line old-record-id-D7qhfTecAdqkC8c63AdclN9Yn7f\">\u2022 Rendimiento seguro y fiable: Excelentes propiedades el\u00e9ctricas autoextinguibles, lo que permite una r\u00e1pida disipaci\u00f3n y dispersi\u00f3n de la corriente. Cumple plenamente con las normas de consumo de salud y seguridad.<\/div>\n<div class=\"ace-line ace-line old-record-id-FIzVfhZwTdiZClccXqucOSianMg\">\u2022 Limpieza sin residuos: no deja pelusa ni residuos despu\u00e9s del uso, manteniendo la superficie de la lente permanentemente brillante e impecable.<\/div>\n<h3 class=\"heading-2 ace-line old-record-id-Puq6fnc7jdbe0FcxPB4c2GRunSc\">Escenarios aplicables<\/h3>\n<div class=\"ace-line ace-line old-record-id-EM6uf09ojdl5QAc34mXclldRnyb\">Ampliamente adecuado para limpiar diversos equipos y componentes \u00f3pticos, incluidos:<\/div>\n<div class=\"ace-line ace-line old-record-id-UsStfgZXydaJmvcsAQHcc7tWncc\">\u2022 Dispositivos \u00f3pticos de precisi\u00f3n: microscopios, c\u00e1maras convencionales, c\u00e1maras DSLR, telescopios, proyectores<\/div>\n<div class=\"ace-line ace-line old-record-id-Y6YCfMNJOd6nhgcIEuacax4KnGd\">\u2022 Pantallas de visualizaci\u00f3n: Pantallas de televisi\u00f3n, monitores<\/div>\n<div class=\"ace-line ace-line old-record-id-TIWdf8UIfd8bzacRFDYc3PwXnCh\">\u2022 Otros componentes \u00f3pticos: sistemas \u00f3pticos de cuarzo\/pl\u00e1stico, superficies \u00f3pticas de equipos m\u00e9dicos<\/div>\n<\/div>\n<div><\/div>\n<div>\n<div><\/div>\n<p><!-- \u5173\u952e\uff1a\u9002\u914d\u79fb\u52a8\u7aef\u5c4f\u5e55 --><\/p>\n<style>\n        \/* \u5bb9\u5668\u81ea\u9002\u5e94\uff0c\u6700\u5927\u5bbd\u5ea6\u9650\u5236\u907f\u514d\u5927\u5c4f\u62c9\u4f38\u8fc7\u5bbd *\/<br \/>        .table-container {<br \/>            width: 100%;<br \/>            max-width: 1000px;<br \/>            margin: 20px auto;<br \/>            \/* \u5c0f\u5c4f\u5e55\u4e0b\u6a2a\u5411\u6eda\u52a8\uff0c\u4fdd\u62a4\u8868\u683c\u7ed3\u6784 *\/<br \/>            overflow-x: auto;<br \/>        }<\/p>\n<p>        \/* \u8868\u683c\u81ea\u9002\u5e94\u6838\u5fc3\u6837\u5f0f *\/<br \/>        .spec-table {<br \/>            width: 100%;<br \/>            border-collapse: collapse;<br \/>            font-family: Arial, sans-serif;<br \/>            font-size: 14px;<br \/>        }<\/p>\n<p>        \/* \u8868\u5934\u6837\u5f0f *\/<br \/>        .spec-table th {<br \/>            background-color: #f2f2f2;<br \/>            padding: 12px 8px;<br \/>            text-align: left;<br \/>            border: 1px solid #ddd;<br \/>            font-weight: bold;<br \/>        }<\/p>\n<p>        \/* \u5355\u5143\u683c\u6837\u5f0f *\/<br \/>        .spec-table td {<br \/>            padding: 10px 8px;<br \/>            border: 1px solid #ddd;<br \/>        }<\/p>\n<p>        \/* \u5076\u6570\u884c\u80cc\u666f\u8272\uff0c\u63d0\u5347\u53ef\u8bfb\u6027 *\/<br \/>        .spec-table tr:nth-child(even) {<br \/>            background-color: #f9f9f9;<br \/>        }<\/p>\n<p>        \/* \u9f20\u6807\u60ac\u6d6e\u9ad8\u4eae *\/<br \/>        .spec-table tr:hover {<br \/>            background-color: #f5f5f5;<br \/>        }<\/p>\n<p>        \/* \u6570\u503c\u5217\u53f3\u5bf9\u9f50\uff0c\u7b26\u5408\u9605\u8bfb\u4e60\u60ef *\/<br \/>        .spec-table td:nth-child(4),<br \/>        .spec-table td:nth-child(5),<br \/>        .spec-table th:nth-child(4),<br \/>        .spec-table th:nth-child(5) {<br \/>            text-align: right;<br \/>        }<br \/>    <\/style>\n<p>&nbsp;<\/p>\n<div><\/div>\n<div class=\"table-container\">\n<table class=\"spec-table\">\n<thead>\n<tr>\n<th>Nombre del producto<\/th>\n<th>Presupuesto<\/th>\n<th>Dimensiones del paquete (L\u00d7An\u00d7Al)<\/th>\n<th>Peso neto por caja<\/th>\n<th>Peso bruto por caja<\/th>\n<\/tr>\n<\/thead>\n<tbody>\n<tr>\n<td>Papel de limpieza de lentes<\/td>\n<td>10\u00d715 cm (100 hojas\/libro)<\/td>\n<td>52\u00d747\u00d717 cm<\/td>\n<td>13,5 kilogramos<\/td>\n<td>14 kilos<\/td>\n<\/tr>\n<tr>\n<td>Papel de limpieza de lentes<\/td>\n<td>10\u00d715 cm (50 hojas\/libro)<\/td>\n<td>52\u00d747\u00d717 cm<\/td>\n<td>16,5 kilogramos<\/td>\n<td>17 kilogramos<\/td>\n<\/tr>\n<\/tbody>\n<\/table>\n<\/div>\n<p>&nbsp;<\/p>\n<div><\/div>\n<\/div>","protected":false},"excerpt":{"rendered":"<ul>\n<li>Limpieza de alta eficiencia + rendimiento seguro (fabricaci\u00f3n artesanal estricta, agua de producci\u00f3n de calidad potable; elimina manchas sin da\u00f1ar la \u00f3ptica, cumple con los est\u00e1ndares de seguridad)<\/li>\n<li>Sin pelusa ni residuos (mantiene los lentes brillantes e impecables)<\/li>\n<li>Amplia aplicabilidad (para dispositivos \u00f3pticos de precisi\u00f3n, pantallas, \u00f3pticas de equipos m\u00e9dicos, etc.)<\/li>\n<\/ul>","protected":false},"featured_media":169,"comment_status":"open","ping_status":"closed","template":"","meta":[],"product_brand":[],"product_cat":[20],"product_tag":[],"class_list":{"0":"post-168","1":"product","2":"type-product","3":"status-publish","4":"has-post-thumbnail","6":"product_cat-precision","8":"first","9":"instock","10":"shipping-taxable","11":"product-type-simple"},"_links":{"self":[{"href":"https:\/\/fswelfarefilter.com\/es\/wp-json\/wp\/v2\/product\/168","targetHints":{"allow":["GET"]}}],"collection":[{"href":"https:\/\/fswelfarefilter.com\/es\/wp-json\/wp\/v2\/product"}],"about":[{"href":"https:\/\/fswelfarefilter.com\/es\/wp-json\/wp\/v2\/types\/product"}],"replies":[{"embeddable":true,"href":"https:\/\/fswelfarefilter.com\/es\/wp-json\/wp\/v2\/comments?post=168"}],"wp:featuredmedia":[{"embeddable":true,"href":"https:\/\/fswelfarefilter.com\/es\/wp-json\/wp\/v2\/media\/169"}],"wp:attachment":[{"href":"https:\/\/fswelfarefilter.com\/es\/wp-json\/wp\/v2\/media?parent=168"}],"wp:term":[{"taxonomy":"product_brand","embeddable":true,"href":"https:\/\/fswelfarefilter.com\/es\/wp-json\/wp\/v2\/product_brand?post=168"},{"taxonomy":"product_cat","embeddable":true,"href":"https:\/\/fswelfarefilter.com\/es\/wp-json\/wp\/v2\/product_cat?post=168"},{"taxonomy":"product_tag","embeddable":true,"href":"https:\/\/fswelfarefilter.com\/es\/wp-json\/wp\/v2\/product_tag?post=168"}],"curies":[{"name":"wp","href":"https:\/\/api.w.org\/{rel}","templated":true}]}}